{"id":12414,"date":"2015-08-26T08:01:57","date_gmt":"2015-08-26T08:01:57","guid":{"rendered":"https:\/\/alfa-greekfruits.com\/%ce%b5%ce%b3%ce%ba%ce%b1%cf%84%ce%b1%cf%83%cf%84%ce%ac%cf%83%ce%b5%ce%b9%cf%82\/"},"modified":"2020-02-11T19:42:22","modified_gmt":"2020-02-11T19:42:22","slug":"anlagen","status":"publish","type":"page","link":"https:\/\/alfa-greekfruits.com\/de\/anlagen\/","title":{"rendered":"Anlagen"},"content":{"rendered":"<h3 style=\"text-align: justify;\"><strong><span style=\"color: #000000;\">ANLAGEN<\/span><\/strong><\/h3>\n<p><span style=\"color: #000000;\">Die <strong>AGRARGENOSSENSCHAFT NEAPOLI \u2013 AGRINIO<\/strong> hat ihren Sitz in unternehmenseigenen Anlagen in Neapoli bei Agrinio im Bezirk \u00c4tolien-Akarnanien.<\/span><\/p>\n<p><span style=\"color: #000000;\">Die Verpackungsanlage in Neapoli bei Agrinio befindet sich auf einem Grundst\u00fcck mit einer Fl\u00e4che von 12.000 m\u00b2, das Geb\u00e4ude hat eine Fl\u00e4che von 2.000 m\u00b2, und in ihren K\u00fchlkammern k\u00f6nnen 1.500 Tonnen unserer Produkte gelagert werden.<\/span><\/p>\n<p><span style=\"color: #000000;\">Die Verpackungsanlage in Gouria bei Mesolongi befindet sich auf einem Grundst\u00fcck mit einer Fl\u00e4che von 10.000 m\u00b2, das Geb\u00e4ude hat eine Fl\u00e4che von 2.500 m\u00b2, und in ihren K\u00fchlkammern k\u00f6nnen 2.500 Tonnen unserer Produkte gelagert werden.<\/span><\/p>\n<p><img loading=\"lazy\" decoding=\"async\" class=\"wp-image-12050 size-full aligncenter\" src=\"https:\/\/alfa-greekfruits.com\/wp-content\/uploads\/2020\/01\/PACKAGING-FACILITY-700-ok.png\" alt=\"\" width=\"700\" height=\"246\" srcset=\"https:\/\/alfa-greekfruits.com\/wp-content\/uploads\/2020\/01\/PACKAGING-FACILITY-700-ok.png 700w, https:\/\/alfa-greekfruits.com\/wp-content\/uploads\/2020\/01\/PACKAGING-FACILITY-700-ok-300x105.png 300w\" sizes=\"(max-width: 700px) 100vw, 700px\" \/><\/p>\n\n\t\t<style type=\"text\/css\">\n\t\t\t#gallery-1 {\n\t\t\t\tmargin: auto;\n\t\t\t}\n\t\t\t#gallery-1 .gallery-item {\n\t\t\t\tfloat: left;\n\t\t\t\tmargin-top: 10px;\n\t\t\t\ttext-align: center;\n\t\t\t\twidth: 50%;\n\t\t\t}\n\t\t\t#gallery-1 img {\n\t\t\t\tborder: 2px solid #cfcfcf;\n\t\t\t}\n\t\t\t#gallery-1 .gallery-caption {\n\t\t\t\tmargin-left: 0;\n\t\t\t}\n\t\t\t\/* see gallery_shortcode() in wp-includes\/media.php *\/\n\t\t<\/style>\n\t\t<div id='gallery-1' class='gallery galleryid-12414 gallery-columns-2 gallery-size-full'><dl class='gallery-item'>\n\t\t\t<dt class='gallery-icon landscape'>\n\t\t\t\t<a rel=\"prettyPhoto[postimages]\" href='https:\/\/alfa-greekfruits.com\/wp-content\/uploads\/2015\/08\/AKTINIDIA-06-12-13-002.jpg'><img loading=\"lazy\" decoding=\"async\" width=\"1400\" height=\"931\" src=\"https:\/\/alfa-greekfruits.com\/wp-content\/uploads\/2015\/08\/AKTINIDIA-06-12-13-002.jpg\" class=\"attachment-full size-full\" alt=\"\" srcset=\"https:\/\/alfa-greekfruits.com\/wp-content\/uploads\/2015\/08\/AKTINIDIA-06-12-13-002.jpg 1400w, https:\/\/alfa-greekfruits.com\/wp-content\/uploads\/2015\/08\/AKTINIDIA-06-12-13-002-300x200.jpg 300w, https:\/\/alfa-greekfruits.com\/wp-content\/uploads\/2015\/08\/AKTINIDIA-06-12-13-002-1024x681.jpg 1024w\" sizes=\"(max-width: 1400px) 100vw, 1400px\" \/><\/a>\n\t\t\t<\/dt><\/dl><dl class='gallery-item'>\n\t\t\t<dt class='gallery-icon landscape'>\n\t\t\t\t<a rel=\"prettyPhoto[postimages]\" href='https:\/\/alfa-greekfruits.com\/wp-content\/uploads\/2015\/08\/AKTINIDIA-06-12-13-006.jpg'><img loading=\"lazy\" decoding=\"async\" width=\"1400\" height=\"931\" src=\"https:\/\/alfa-greekfruits.com\/wp-content\/uploads\/2015\/08\/AKTINIDIA-06-12-13-006.jpg\" class=\"attachment-full size-full\" alt=\"\" srcset=\"https:\/\/alfa-greekfruits.com\/wp-content\/uploads\/2015\/08\/AKTINIDIA-06-12-13-006.jpg 1400w, https:\/\/alfa-greekfruits.com\/wp-content\/uploads\/2015\/08\/AKTINIDIA-06-12-13-006-300x200.jpg 300w, https:\/\/alfa-greekfruits.com\/wp-content\/uploads\/2015\/08\/AKTINIDIA-06-12-13-006-1024x681.jpg 1024w\" sizes=\"(max-width: 1400px) 100vw, 1400px\" \/><\/a>\n\t\t\t<\/dt><\/dl><br style=\"clear: both\" \/>\n\t\t<\/div>\n\n","protected":false},"excerpt":{"rendered":"<p>ANLAGEN Die AGRARGENOSSENSCHAFT NEAPOLI \u2013 AGRINIO hat ihren Sitz in unternehmenseigenen Anlagen in Neapoli bei Agrinio im Bezirk \u00c4tolien-Akarnanien. Die Verpackungsanlage in Neapoli bei Agrinio befindet sich auf einem Grundst\u00fcck mit einer Fl\u00e4che von 12.000 m\u00b2, das Geb\u00e4ude hat eine Fl\u00e4che von 2.000 m\u00b2, und in ihren K\u00fchlkammern k\u00f6nnen 1.500 Tonnen unserer Produkte gelagert werden. [&hellip;]<\/p>\n","protected":false},"author":5,"featured_media":0,"parent":0,"menu_order":0,"comment_status":"closed","ping_status":"closed","template":"","meta":{"footnotes":""},"_links":{"self":[{"href":"https:\/\/alfa-greekfruits.com\/de\/wp-json\/wp\/v2\/pages\/12414\/"}],"collection":[{"href":"https:\/\/alfa-greekfruits.com\/de\/wp-json\/wp\/v2\/pages\/"}],"about":[{"href":"https:\/\/alfa-greekfruits.com\/de\/wp-json\/wp\/v2\/types\/page\/"}],"author":[{"embeddable":true,"href":"https:\/\/alfa-greekfruits.com\/de\/wp-json\/wp\/v2\/users\/5\/"}],"replies":[{"embeddable":true,"href":"https:\/\/alfa-greekfruits.com\/de\/wp-json\/wp\/v2\/comments\/?post=12414"}],"version-history":[{"count":1,"href":"https:\/\/alfa-greekfruits.com\/de\/wp-json\/wp\/v2\/pages\/12414\/revisions\/"}],"predecessor-version":[{"id":12416,"href":"https:\/\/alfa-greekfruits.com\/de\/wp-json\/wp\/v2\/pages\/12414\/revisions\/12416\/"}],"wp:attachment":[{"href":"https:\/\/alfa-greekfruits.com\/de\/wp-json\/wp\/v2\/media\/?parent=12414"}],"curies":[{"name":"wp","href":"https:\/\/api.w.org\/{rel}","templated":true}]}}