{"id":12393,"date":"2015-08-26T07:55:59","date_gmt":"2015-08-26T07:55:59","guid":{"rendered":"https:\/\/alfa-greekfruits.com\/%ce%b1%ce%ba%cf%84%ce%b9%ce%bd%ce%af%ce%b4%ce%b9%ce%b1\/"},"modified":"2020-02-11T19:39:44","modified_gmt":"2020-02-11T19:39:44","slug":"kiwis","status":"publish","type":"page","link":"https:\/\/alfa-greekfruits.com\/de\/kiwis\/","title":{"rendered":"Kiwis"},"content":{"rendered":"<h3><strong>Kiwi<\/strong><\/h3>\n<p style=\"text-align: justify;\"><span style=\"color: #000000;\"><img loading=\"lazy\" decoding=\"async\" class=\"alignright wp-image-11520 size-medium\" src=\"http:\/\/alfa-greekfruits.com\/wp-content\/uploads\/2014\/03\/kiwi-4001-300x197.png\" alt=\"kiwi 400\" width=\"300\" height=\"197\" \/>Ein Produkt aus unserer Erzeugung mit gleicherma\u00dfen qualit\u00e4tvollen Merkmalen ist auch die Kiwi. Der fruchtbare Boden und das Mikroklima unseres Gebiets verleihen den Kiwis unseres Landstrichs einen besonderen Geschmack. Die modernen Plantagenanlagen mit Hagelschutz gew\u00e4hrleisten eine stabile Produktqualit\u00e4t. Die Kiwi ist eine Frucht voller Vitamine und f\u00fcr unseren K\u00f6rper wertvoller Mineralstoffe. Sie wird das ganze Jahr \u00fcber gern verzehrt, und nur eine Kiwi z\u00e4hlt als ganze Portion von den 5 Portionen t\u00e4glich, die wir an Obst und Gem\u00fcse essen sollen! Kiwis sind reich an Kalium. Sie enthalten die gleiche Menge <strong>Kalium<\/strong>, wie wir sie auch in den Bananen finden. Sie sind zudem reich an <strong>Vitamin C<\/strong>. Mit nur einer Kiwi wird der empfohlene Tagesbedarf an Vitamin C mehr als gedeckt! Orangen m\u00f6gen f\u00fcr ihren Vitamin-C-Gehalt bekannt sein, aber Kiwis enthalten es in einer viel gr\u00f6\u00dferen Menge. Kiwis sind auch eine vorz\u00fcgliche Quelle f\u00fcr <strong>Vitamin A<\/strong> und <strong>Vitamin E<\/strong>, die f\u00fcr einen strahlenden und gesunden Teint erforderlich sind! Die kleinen schwarzen Kerne in der Kiwi sind reich an <strong>Omega-3-Fetts\u00e4uren<\/strong>, die f\u00fcr einen gute Herzgesundheit sehr wichtig sind. Kiwis sind au\u00dferdem eine ausgezeichnete nat\u00fcrliche Quelle f\u00fcr <strong>Fols\u00e4ure<\/strong>.<br \/>\n<\/span><\/p>\n<h3 style=\"text-align: justify;\"><strong><span style=\"color: #000000;\">Der Nutzen von Kiwis f\u00fcr die Gesundheit:<\/span><\/strong><\/h3>\n<p style=\"text-align: justify;\"><span style=\"color: #000000;\"><strong>\u2022<a style=\"color: #000000;\" href=\"http:\/\/alfa-greekfruits.com\/wp-content\/uploads\/2015\/08\/acheloos_aktinidia.png\"><img loading=\"lazy\" decoding=\"async\" class=\"alignright wp-image-11579 size-medium\" src=\"http:\/\/alfa-greekfruits.com\/wp-content\/uploads\/2015\/08\/acheloos_aktinidia-185x300.png\" alt=\"acheloos_aktinidia\" width=\"185\" height=\"300\" srcset=\"https:\/\/alfa-greekfruits.com\/wp-content\/uploads\/2015\/08\/acheloos_aktinidia-185x300.png 185w, https:\/\/alfa-greekfruits.com\/wp-content\/uploads\/2015\/08\/acheloos_aktinidia.png 234w\" sizes=\"(max-width: 185px) 100vw, 185px\" \/><\/a> Verdauungssystem: <\/strong>Kiwis sind reich an Ballaststoffen. Damit bek\u00e4mpfen sie effizient Bl\u00e4hungen und Verstopfung. Forschungen verbinden zudem den Verzehr von Kiwis mit einer starken Verringerung des Risikos f\u00fcr Dickdarmkrebs.<\/span><br \/>\n<span style=\"color: #000000;\"> <strong>\u2022 Antioxidative Eigenschaften: <\/strong>Kiwis enthalten gro\u00dfe Mengen an Antioxidantien. Das in ihnen reichlich enthaltene Vitamin C ist eines der wichtigsten wasserl\u00f6slichen Antioxidantien und sch\u00fctzt unseren Organismus vor der Entstehung von freien Radikalen.<\/span><br \/>\n<span style=\"color: #000000;\"> <strong>\u2022 Asthma: <\/strong>Forschungen haben gezeigt, dass der systematische Verzehr von Kiwis in Verbindung mit einer ausgewogenen Ern\u00e4hrung, die reich an Obst und Gem\u00fcse ist, besonders Kinder vor dem Auftreten von Asthmaanf\u00e4llen sch\u00fctzt.<\/span><br \/>\n<span style=\"color: #000000;\"> <strong>\u2022 Chronische Krankheiten: <\/strong>Wie es auch mit anderem Obst und Gem\u00fcse der Fall ist, tr\u00e4gt der systematische Verzehr von Kiwis zur Verringerung des Risikos, chronische Krankheiten wie kardiovaskul\u00e4re Erkrankungen, Krebs, Diabetes mellitus Typ 2 und Adipositas zu entwickeln, bei.<\/span><br \/>\n<span style=\"color: #000000;\"> <strong>\u2022 Sehverm\u00f6gen: <\/strong>Kiwis sind reich an Lutein. Sie haben eine der h\u00f6chsten Lutein-Konzentrationen im Vergleich zu anderem Obst und Gem\u00fcse, und Forschungen haben gezeigt, dass sie bei der Vorbeugung von Augenproblemen und der mit dem Alter verbundenen, im Lauf der Jahre eintretenden Verschlechterung des Sehverm\u00f6gens helfen.<\/span><br \/>\n<span style=\"color: #000000;\"> <strong>\u2022 Cholesterin:<\/strong>Wenn Kiwis wie auch alles andere Obst und Gem\u00fcse systematisch verzehrt wird, verringern sie effizient das schlechte Cholesterin und sch\u00fctzen unser Herz-Kreislauf-System.<\/span><\/p>\n<p>&nbsp;<\/p>\n\n\t\t<style type=\"text\/css\">\n\t\t\t#gallery-1 {\n\t\t\t\tmargin: auto;\n\t\t\t}\n\t\t\t#gallery-1 .gallery-item {\n\t\t\t\tfloat: left;\n\t\t\t\tmargin-top: 10px;\n\t\t\t\ttext-align: center;\n\t\t\t\twidth: 20%;\n\t\t\t}\n\t\t\t#gallery-1 img {\n\t\t\t\tborder: 2px solid #cfcfcf;\n\t\t\t}\n\t\t\t#gallery-1 .gallery-caption {\n\t\t\t\tmargin-left: 0;\n\t\t\t}\n\t\t\t\/* see gallery_shortcode() in wp-includes\/media.php *\/\n\t\t<\/style>\n\t\t<div id='gallery-1' class='gallery galleryid-12393 gallery-columns-5 gallery-size-full'><dl class='gallery-item'>\n\t\t\t<dt class='gallery-icon landscape'>\n\t\t\t\t<a rel=\"prettyPhoto[postimages]\" href='https:\/\/alfa-greekfruits.com\/wp-content\/uploads\/2015\/08\/012.jpg'><img loading=\"lazy\" decoding=\"async\" width=\"1400\" height=\"931\" src=\"https:\/\/alfa-greekfruits.com\/wp-content\/uploads\/2015\/08\/012.jpg\" class=\"attachment-full size-full\" alt=\"\" srcset=\"https:\/\/alfa-greekfruits.com\/wp-content\/uploads\/2015\/08\/012.jpg 1400w, https:\/\/alfa-greekfruits.com\/wp-content\/uploads\/2015\/08\/012-300x200.jpg 300w, https:\/\/alfa-greekfruits.com\/wp-content\/uploads\/2015\/08\/012-1024x681.jpg 1024w\" sizes=\"(max-width: 1400px) 100vw, 1400px\" \/><\/a>\n\t\t\t<\/dt><\/dl><dl class='gallery-item'>\n\t\t\t<dt class='gallery-icon landscape'>\n\t\t\t\t<a rel=\"prettyPhoto[postimages]\" href='https:\/\/alfa-greekfruits.com\/wp-content\/uploads\/2015\/08\/014.jpg'><img loading=\"lazy\" decoding=\"async\" width=\"1400\" height=\"931\" src=\"https:\/\/alfa-greekfruits.com\/wp-content\/uploads\/2015\/08\/014.jpg\" class=\"attachment-full size-full\" alt=\"\" srcset=\"https:\/\/alfa-greekfruits.com\/wp-content\/uploads\/2015\/08\/014.jpg 1400w, https:\/\/alfa-greekfruits.com\/wp-content\/uploads\/2015\/08\/014-300x200.jpg 300w, https:\/\/alfa-greekfruits.com\/wp-content\/uploads\/2015\/08\/014-1024x681.jpg 1024w\" sizes=\"(max-width: 1400px) 100vw, 1400px\" \/><\/a>\n\t\t\t<\/dt><\/dl><dl class='gallery-item'>\n\t\t\t<dt class='gallery-icon landscape'>\n\t\t\t\t<a rel=\"prettyPhoto[postimages]\" href='https:\/\/alfa-greekfruits.com\/wp-content\/uploads\/2015\/08\/015.jpg'><img loading=\"lazy\" decoding=\"async\" width=\"1400\" height=\"931\" src=\"https:\/\/alfa-greekfruits.com\/wp-content\/uploads\/2015\/08\/015.jpg\" class=\"attachment-full size-full\" alt=\"\" srcset=\"https:\/\/alfa-greekfruits.com\/wp-content\/uploads\/2015\/08\/015.jpg 1400w, https:\/\/alfa-greekfruits.com\/wp-content\/uploads\/2015\/08\/015-300x200.jpg 300w, https:\/\/alfa-greekfruits.com\/wp-content\/uploads\/2015\/08\/015-1024x681.jpg 1024w\" sizes=\"(max-width: 1400px) 100vw, 1400px\" \/><\/a>\n\t\t\t<\/dt><\/dl><dl class='gallery-item'>\n\t\t\t<dt class='gallery-icon landscape'>\n\t\t\t\t<a rel=\"prettyPhoto[postimages]\" href='https:\/\/alfa-greekfruits.com\/wp-content\/uploads\/2015\/08\/008.jpg'><img loading=\"lazy\" decoding=\"async\" width=\"1400\" height=\"931\" src=\"https:\/\/alfa-greekfruits.com\/wp-content\/uploads\/2015\/08\/008.jpg\" class=\"attachment-full size-full\" alt=\"\" srcset=\"https:\/\/alfa-greekfruits.com\/wp-content\/uploads\/2015\/08\/008.jpg 1400w, https:\/\/alfa-greekfruits.com\/wp-content\/uploads\/2015\/08\/008-300x200.jpg 300w, https:\/\/alfa-greekfruits.com\/wp-content\/uploads\/2015\/08\/008-1024x681.jpg 1024w\" sizes=\"(max-width: 1400px) 100vw, 1400px\" \/><\/a>\n\t\t\t<\/dt><\/dl><dl class='gallery-item'>\n\t\t\t<dt class='gallery-icon landscape'>\n\t\t\t\t<a rel=\"prettyPhoto[postimages]\" href='https:\/\/alfa-greekfruits.com\/wp-content\/uploads\/2015\/08\/010.jpg'><img loading=\"lazy\" decoding=\"async\" width=\"1400\" height=\"931\" src=\"https:\/\/alfa-greekfruits.com\/wp-content\/uploads\/2015\/08\/010.jpg\" class=\"attachment-full size-full\" alt=\"\" srcset=\"https:\/\/alfa-greekfruits.com\/wp-content\/uploads\/2015\/08\/010.jpg 1400w, https:\/\/alfa-greekfruits.com\/wp-content\/uploads\/2015\/08\/010-300x200.jpg 300w, https:\/\/alfa-greekfruits.com\/wp-content\/uploads\/2015\/08\/010-1024x681.jpg 1024w\" sizes=\"(max-width: 1400px) 100vw, 1400px\" \/><\/a>\n\t\t\t<\/dt><\/dl><br style=\"clear: both\" \/><dl class='gallery-item'>\n\t\t\t<dt class='gallery-icon landscape'>\n\t\t\t\t<a rel=\"prettyPhoto[postimages]\" href='https:\/\/alfa-greekfruits.com\/wp-content\/uploads\/2015\/08\/017.jpg'><img loading=\"lazy\" decoding=\"async\" width=\"1400\" height=\"931\" src=\"https:\/\/alfa-greekfruits.com\/wp-content\/uploads\/2015\/08\/017.jpg\" class=\"attachment-full size-full\" alt=\"\" srcset=\"https:\/\/alfa-greekfruits.com\/wp-content\/uploads\/2015\/08\/017.jpg 1400w, https:\/\/alfa-greekfruits.com\/wp-content\/uploads\/2015\/08\/017-300x200.jpg 300w, https:\/\/alfa-greekfruits.com\/wp-content\/uploads\/2015\/08\/017-1024x681.jpg 1024w\" sizes=\"(max-width: 1400px) 100vw, 1400px\" \/><\/a>\n\t\t\t<\/dt><\/dl><dl class='gallery-item'>\n\t\t\t<dt class='gallery-icon landscape'>\n\t\t\t\t<a rel=\"prettyPhoto[postimages]\" href='https:\/\/alfa-greekfruits.com\/wp-content\/uploads\/2015\/08\/049.jpg'><img loading=\"lazy\" decoding=\"async\" width=\"1400\" height=\"931\" src=\"https:\/\/alfa-greekfruits.com\/wp-content\/uploads\/2015\/08\/049.jpg\" class=\"attachment-full size-full\" alt=\"\" srcset=\"https:\/\/alfa-greekfruits.com\/wp-content\/uploads\/2015\/08\/049.jpg 1400w, https:\/\/alfa-greekfruits.com\/wp-content\/uploads\/2015\/08\/049-300x200.jpg 300w, https:\/\/alfa-greekfruits.com\/wp-content\/uploads\/2015\/08\/049-1024x681.jpg 1024w\" sizes=\"(max-width: 1400px) 100vw, 1400px\" \/><\/a>\n\t\t\t<\/dt><\/dl><dl class='gallery-item'>\n\t\t\t<dt class='gallery-icon landscape'>\n\t\t\t\t<a rel=\"prettyPhoto[postimages]\" href='https:\/\/alfa-greekfruits.com\/wp-content\/uploads\/2015\/08\/AKTINIDIA-17-12-13-010.jpg'><img loading=\"lazy\" decoding=\"async\" width=\"1400\" height=\"931\" src=\"https:\/\/alfa-greekfruits.com\/wp-content\/uploads\/2015\/08\/AKTINIDIA-17-12-13-010.jpg\" class=\"attachment-full size-full\" alt=\"\" srcset=\"https:\/\/alfa-greekfruits.com\/wp-content\/uploads\/2015\/08\/AKTINIDIA-17-12-13-010.jpg 1400w, https:\/\/alfa-greekfruits.com\/wp-content\/uploads\/2015\/08\/AKTINIDIA-17-12-13-010-300x200.jpg 300w, https:\/\/alfa-greekfruits.com\/wp-content\/uploads\/2015\/08\/AKTINIDIA-17-12-13-010-1024x681.jpg 1024w\" sizes=\"(max-width: 1400px) 100vw, 1400px\" \/><\/a>\n\t\t\t<\/dt><\/dl><dl class='gallery-item'>\n\t\t\t<dt class='gallery-icon landscape'>\n\t\t\t\t<a rel=\"prettyPhoto[postimages]\" href='https:\/\/alfa-greekfruits.com\/wp-content\/uploads\/2015\/08\/AKTINIDIA-17-12-13-031.jpg'><img loading=\"lazy\" decoding=\"async\" width=\"1400\" height=\"931\" src=\"https:\/\/alfa-greekfruits.com\/wp-content\/uploads\/2015\/08\/AKTINIDIA-17-12-13-031.jpg\" class=\"attachment-full size-full\" alt=\"\" srcset=\"https:\/\/alfa-greekfruits.com\/wp-content\/uploads\/2015\/08\/AKTINIDIA-17-12-13-031.jpg 1400w, https:\/\/alfa-greekfruits.com\/wp-content\/uploads\/2015\/08\/AKTINIDIA-17-12-13-031-300x200.jpg 300w, https:\/\/alfa-greekfruits.com\/wp-content\/uploads\/2015\/08\/AKTINIDIA-17-12-13-031-1024x681.jpg 1024w\" sizes=\"(max-width: 1400px) 100vw, 1400px\" \/><\/a>\n\t\t\t<\/dt><\/dl><dl class='gallery-item'>\n\t\t\t<dt class='gallery-icon landscape'>\n\t\t\t\t<a rel=\"prettyPhoto[postimages]\" href='https:\/\/alfa-greekfruits.com\/wp-content\/uploads\/2020\/01\/kiwi-1400-1.jpg'><img loading=\"lazy\" decoding=\"async\" width=\"1400\" height=\"931\" src=\"https:\/\/alfa-greekfruits.com\/wp-content\/uploads\/2020\/01\/kiwi-1400-1.jpg\" class=\"attachment-full size-full\" alt=\"\" srcset=\"https:\/\/alfa-greekfruits.com\/wp-content\/uploads\/2020\/01\/kiwi-1400-1.jpg 1400w, https:\/\/alfa-greekfruits.com\/wp-content\/uploads\/2020\/01\/kiwi-1400-1-300x200.jpg 300w, https:\/\/alfa-greekfruits.com\/wp-content\/uploads\/2020\/01\/kiwi-1400-1-1024x681.jpg 1024w, https:\/\/alfa-greekfruits.com\/wp-content\/uploads\/2020\/01\/kiwi-1400-1-768x511.jpg 768w\" sizes=\"(max-width: 1400px) 100vw, 1400px\" \/><\/a>\n\t\t\t<\/dt><\/dl><br style=\"clear: both\" \/>\n\t\t<\/div>\n\n","protected":false},"excerpt":{"rendered":"<p>Kiwi Ein Produkt aus unserer Erzeugung mit gleicherma\u00dfen qualit\u00e4tvollen Merkmalen ist auch die Kiwi. Der fruchtbare Boden und das Mikroklima unseres Gebiets verleihen den Kiwis unseres Landstrichs einen besonderen Geschmack. Die modernen Plantagenanlagen mit Hagelschutz gew\u00e4hrleisten eine stabile Produktqualit\u00e4t. Die Kiwi ist eine Frucht voller Vitamine und f\u00fcr unseren K\u00f6rper wertvoller Mineralstoffe. Sie wird das [&hellip;]<\/p>\n","protected":false},"author":5,"featured_media":0,"parent":0,"menu_order":0,"comment_status":"closed","ping_status":"closed","template":"","meta":{"footnotes":""},"_links":{"self":[{"href":"https:\/\/alfa-greekfruits.com\/de\/wp-json\/wp\/v2\/pages\/12393\/"}],"collection":[{"href":"https:\/\/alfa-greekfruits.com\/de\/wp-json\/wp\/v2\/pages\/"}],"about":[{"href":"https:\/\/alfa-greekfruits.com\/de\/wp-json\/wp\/v2\/types\/page\/"}],"author":[{"embeddable":true,"href":"https:\/\/alfa-greekfruits.com\/de\/wp-json\/wp\/v2\/users\/5\/"}],"replies":[{"embeddable":true,"href":"https:\/\/alfa-greekfruits.com\/de\/wp-json\/wp\/v2\/comments\/?post=12393"}],"version-history":[{"count":3,"href":"https:\/\/alfa-greekfruits.com\/de\/wp-json\/wp\/v2\/pages\/12393\/revisions\/"}],"predecessor-version":[{"id":12413,"href":"https:\/\/alfa-greekfruits.com\/de\/wp-json\/wp\/v2\/pages\/12393\/revisions\/12413\/"}],"wp:attachment":[{"href":"https:\/\/alfa-greekfruits.com\/de\/wp-json\/wp\/v2\/media\/?parent=12393"}],"curies":[{"name":"wp","href":"https:\/\/api.w.org\/{rel}","templated":true}]}}