{"id":12384,"date":"2015-08-26T07:54:52","date_gmt":"2015-08-26T07:54:52","guid":{"rendered":"https:\/\/alfa-greekfruits.com\/%cf%83%cf%80%ce%b1%cf%81%ce%ac%ce%b3%ce%b3%ce%b9\/"},"modified":"2020-02-11T18:43:17","modified_gmt":"2020-02-11T18:43:17","slug":"spargel","status":"publish","type":"page","link":"https:\/\/alfa-greekfruits.com\/de\/spargel\/","title":{"rendered":"Spargel"},"content":{"rendered":"<h3 style=\"text-align: justify;\"><strong><span style=\"color: #000000;\">Spargel<\/span><\/strong><\/h3>\n<p style=\"text-align: justify;\"><span style=\"color: #000000;\"><a style=\"color: #000000;\" href=\"http:\/\/alfa-greekfruits.com\/wp-content\/uploads\/2014\/03\/asparagus-11.png\"><img loading=\"lazy\" decoding=\"async\" class=\"alignright size-full wp-image-11521\" src=\"http:\/\/alfa-greekfruits.com\/wp-content\/uploads\/2014\/03\/asparagus-11.png\" alt=\"asparagus (1)\" width=\"343\" height=\"231\" srcset=\"https:\/\/alfa-greekfruits.com\/wp-content\/uploads\/2014\/03\/asparagus-11.png 343w, https:\/\/alfa-greekfruits.com\/wp-content\/uploads\/2014\/03\/asparagus-11-300x202.png 300w\" sizes=\"(max-width: 343px) 100vw, 343px\" \/><\/a><\/span><\/p>\n<p><span style=\"color: #000000; font-size: 12pt;\">Der Spargel ist dank seines charakteristischen Geschmacks und seines hohen N\u00e4hrwertes eine Pflanze mit fanatischen \u201eAnh\u00e4ngern\u201c. Aber Spargel ist nicht gleich <strong>Bio Alfa Spargel.<\/strong><\/span><\/p>\n<p><span style=\"color: #000000; font-size: 12pt;\">Der <strong>Spargel aus dem Tal des Acheloos<\/strong> hat seine eigene besondere Identit\u00e4t und gleicht keinem anderen griechischen oder ausl\u00e4ndischen Spargel. Er ist vielleicht der einzige Kulturspargel, dessen Geschmack noch an den einheimischen Wildspargel erinnert.<\/span><\/p>\n<p><span style=\"color: #000000; font-size: 12pt;\">Das Erfolgsgeheimnis ist nicht mehr geheim\u2026 <strong>Es sind das \u00d6kosystem und das Mikroklima des Acheloos-Gebiets. Es sind die Hingabe und das Wissen der Erzeuger. Es sind die strengen Anbauvorschriften. Es ist die innovative technische Ausr\u00fcstung der Verpackungsanlagen. Es ist die Leidenschaft f\u00fcr die Vollkommenheit\u2026<\/strong> Es ist all das zusammen, was auf ideale Weise zusammenwirkt, damit der wohl beste Spargel der Welt in die ganze Welt reisen kann.<\/span><span style=\"color: #000000;\">\u00a0<\/span><\/p>\n<h3 style=\"text-align: justify;\"><strong><span style=\"color: #000000;\">Spargelkategorien<\/span><\/strong><\/h3>\n<p style=\"text-align: justify;\"><span style=\"color: #000000;\">Je nach seiner Farbe wird der Spargel in wei\u00dfen, violetten und gr\u00fcnen unterschieden. Die Pflanze hat praktisch keine Bl\u00e4tter, sondern nur Tragbl\u00e4tter, die Schuppen \u00e4hneln, sie ist zweih\u00e4usig und bl\u00fcht im Sommer.<\/span><\/p>\n<ul>\n<li style=\"text-align: justify;\"><span style=\"color: #000000;\">Der gr\u00fcne Spargel w\u00e4chst im Freien und verdankt seine Farbe dem Einwirken der Sonne und dem Chlorophyll. Dieser Spargel ist aromatischer, feiner und zarter als die anderen Spargelsorten.<\/span><\/li>\n<li style=\"text-align: justify;\"><span style=\"color: #000000;\">Der violette Spargel erh\u00e4lt Sonneneinstrahlung f\u00fcr einige Stunden und sein Geschmack ist fruchtiger im Vergleich zum wei\u00dfen Spargel.<\/span><\/li>\n<li style=\"text-align: justify;\"><span style=\"color: #000000;\">Der wei\u00dfe Spargel wird nicht von der Sonne beschienen, weil er jeden Tag mit einer neuen Erdschicht bedeckt wird. Er ist fleischiger und hat einen leichten Geschmack.<\/span><\/li>\n<\/ul>\n<h3 style=\"text-align: justify;\"><strong><span style=\"color: #000000;\">N\u00e4hrstoffe<\/span><\/strong><\/h3>\n<p style=\"text-align: justify;\"><span style=\"color: #000000;\"><strong><img loading=\"lazy\" decoding=\"async\" class=\"alignright wp-image-12333 size-full\" src=\"https:\/\/alfa-greekfruits.com\/wp-content\/uploads\/2020\/02\/alfa-asparagus-1.png\" alt=\"\" width=\"347\" height=\"380\" srcset=\"https:\/\/alfa-greekfruits.com\/wp-content\/uploads\/2020\/02\/alfa-asparagus-1.png 347w, https:\/\/alfa-greekfruits.com\/wp-content\/uploads\/2020\/02\/alfa-asparagus-1-274x300.png 274w\" sizes=\"(max-width: 347px) 100vw, 347px\" \/><\/strong><\/span><\/p>\n<p><span style=\"color: #000000;\">Spargel ist reich an:<\/span><\/p>\n<ul>\n<li style=\"text-align: justify;\"><span style=\"color: #000000;\"><strong>Vitaminen des B-Komplexes<\/strong> (die als Koenzyme bei Energieerzeugungs- und Atmungsprozessen der Zellen wirken und die gute Funktion des Nervensystems unterst\u00fctzen)<\/span><\/li>\n<li style=\"text-align: justify;\"><span style=\"color: #000000;\"><strong>Fols\u00e4ure<\/strong> (die an der Biosynthese der Nukleins\u00e4ure und der Aminos\u00e4uren beteiligt ist, das kardiovaskul\u00e4re System sch\u00fctzt und zu gesunder Haut beitr\u00e4gt)<\/span><\/li>\n<li style=\"text-align: justify;\"><span style=\"color: #000000;\"><strong>Thiamin (\u03921)<\/strong>: Wachstum, gute Funktion von Herz und Nervensystem, steigert die geistige T\u00e4tigkeit<\/span><\/li>\n<li style=\"text-align: justify;\"><span style=\"color: #000000;\"><strong>Riboflavin (\u03922)<\/strong>: tr\u00e4gt zum Wachstum und zur Reproduktion bei, bewirkt gesunde Haut, N\u00e4gel und Haare. Unterst\u00fctzt das Sehverm\u00f6gen und mildert \u00d6deme von Mund, Lippen und Zunge<\/span><\/li>\n<li style=\"text-align: justify;\"><span style=\"color: #000000;\"><strong>Niacin (\u03923)<\/strong>: ist erforderlich f\u00fcr gesunde Haut und das Verdauungssystem<\/span><\/li>\n<li style=\"text-align: justify;\"><span style=\"color: #000000;\"><strong>Antioxidantien (Vitamine)<\/strong> \u2013 diese Stoffe neutralisieren effektiv freie Radikale und verwandeln sie in Wasser oder andere unsch\u00e4dliche Stoffe, haben eine stark krebshemmende Wirkung.<\/span><\/li>\n<li style=\"text-align: justify;\"><span style=\"color: #000000;\"><strong>Vitamin C<\/strong>: st\u00e4rkt das Immunsystem, beugt Infektionen durch Bakterien und Viren vor, erh\u00f6ht die Eisenabsorption, h\u00e4lt Zahnfleisch und Haut gesund und beschleunigt die Heilung.<\/span><\/li>\n<li style=\"text-align: justify;\"><span style=\"color: #000000;\"><strong>Vitamin E<\/strong>: beugt der Thrombenbildung vor und l\u00f6st sie auf, vermindert Ersch\u00f6pfung und verbessert die Wundheilung. Sch\u00fctzt die Gef\u00e4\u00dfe vor Arteriosklerose, tr\u00e4gt zur Verringerung der koronaren Herzkrankheit bei.<\/span><\/li>\n<li style=\"text-align: justify;\"><span style=\"color: #000000;\"><strong>Karotin<\/strong>: Vorstufe von Vitamin \u0391, das schwache Sicht st\u00e4rkt, das Immunsystem verbessert, am Wachstum beteiligt ist und zu kr\u00e4ftigen Knochen, gesunder Haut, Haar, Z\u00e4hnen und Zahnfleisch beitr\u00e4gt.<\/span><\/li>\n<li style=\"text-align: justify;\"><span style=\"color: #000000;\"><strong>Phosphor<\/strong>: ist an fast allen Reaktionen des Organismus beteiligt, und ist notwendig f\u00fcr den normalen Aufbau von Knochen und Z\u00e4hnen. Wichtig f\u00fcr das problemlose Funktionieren von Herz, Nieren und Nervensystem.<\/span><\/li>\n<li style=\"text-align: justify;\"><span style=\"color: #000000;\"><strong>Kalzium<\/strong>: gesunde Knochen und Z\u00e4hne.<\/span><\/li>\n<li style=\"text-align: justify;\"><span style=\"color: #000000;\"><strong>Magnesium<\/strong>: gute Funktion von Herz, Nerven, Muskeln und Skelett. Vermindert Stress.<\/span><\/li>\n<li style=\"text-align: justify;\"><span style=\"color: #000000;\"><strong>Enth\u00e4lt wenig Natrium und relativ viel Kalium<\/strong> (wird Personen mit Bluthochdruck empfohlen, sch\u00fctzt das Herz vor Arrhythmien).<\/span><\/li>\n<li style=\"text-align: justify;\"><span style=\"color: #000000;\"><strong>Enth\u00e4lt au\u00dferdem<\/strong>: nur ganz wenig Kalorien, eine geringe Menge an Eiwei\u00df und Kohlenhydraten, Asparagin (harntreibende Substanz).<\/span><\/li>\n<\/ul>\n<h3><\/h3>\n<h3 style=\"text-align: justify;\"><span style=\"color: #000000;\"><strong>Rezepte mit Alfa Spargel<br \/>\n<a style=\"color: #000000;\" href=\"http:\/\/alfa-greekfruits.com\/wp-content\/uploads\/2015\/08\/sparaggia_acheloos.png\"><img loading=\"lazy\" decoding=\"async\" class=\"alignright size-full wp-image-11581\" src=\"http:\/\/alfa-greekfruits.com\/wp-content\/uploads\/2015\/08\/sparaggia_acheloos.png\" alt=\"sparaggia_acheloos\" width=\"240\" height=\"180\" \/><\/a><\/strong><\/span><\/h3>\n<ul>\n<li style=\"text-align: justify;\"><span style=\"color: #000000;\">Der Spargel geh\u00f6rt zur Kategorie jener Lebensmittel, die neben einem wundervollen Geschmack auch einen hohen N\u00e4hrwert besitzen.<\/span><\/li>\n<li style=\"text-align: justify;\"><span style=\"color: #000000;\">Er enth\u00e4lt nur sehr wenig Kohlenhydrate und Kalorien, ist jedoch reich an Wasser, Mineralien, Vitaminen B und Vitamin C.<\/span><\/li>\n<li style=\"text-align: justify;\"><span style=\"color: #000000;\">Er wird auf viele unterschiedliche Arten zubereitet: Gekocht, ged\u00fcnstet, gebacken, gegrillt.<\/span><\/li>\n<li style=\"text-align: justify;\"><span style=\"color: #000000;\">Er kann mit Oliven\u00f6l, Zitrone, Zwiebel, Knoblauch, Mayonnaise, K\u00e4se garniert werden und begleitet vorz\u00fcglich Fleischgerichte, Nudeln, Meeresfr\u00fcchte, Eier und anderes Gem\u00fcse.<\/span><\/li>\n<li style=\"text-align: justify;\"><span style=\"color: #000000;\">Es braucht nur ein bisschen Fantasie, ein paar Spargelstangen, und \u2026 guten Appetit.<\/span><\/li>\n<\/ul>\n<p>&nbsp;<\/p>\n\n\t\t<style type=\"text\/css\">\n\t\t\t#gallery-1 {\n\t\t\t\tmargin: auto;\n\t\t\t}\n\t\t\t#gallery-1 .gallery-item {\n\t\t\t\tfloat: left;\n\t\t\t\tmargin-top: 10px;\n\t\t\t\ttext-align: center;\n\t\t\t\twidth: 33%;\n\t\t\t}\n\t\t\t#gallery-1 img {\n\t\t\t\tborder: 2px solid #cfcfcf;\n\t\t\t}\n\t\t\t#gallery-1 .gallery-caption {\n\t\t\t\tmargin-left: 0;\n\t\t\t}\n\t\t\t\/* see gallery_shortcode() in wp-includes\/media.php *\/\n\t\t<\/style>\n\t\t<div id='gallery-1' class='gallery galleryid-12384 gallery-columns-3 gallery-size-full'><dl class='gallery-item'>\n\t\t\t<dt class='gallery-icon landscape'>\n\t\t\t\t<a rel=\"prettyPhoto[postimages]\" href='https:\/\/alfa-greekfruits.com\/wp-content\/uploads\/2015\/08\/022.jpg'><img loading=\"lazy\" decoding=\"async\" width=\"1400\" height=\"931\" src=\"https:\/\/alfa-greekfruits.com\/wp-content\/uploads\/2015\/08\/022.jpg\" class=\"attachment-full size-full\" alt=\"\" srcset=\"https:\/\/alfa-greekfruits.com\/wp-content\/uploads\/2015\/08\/022.jpg 1400w, https:\/\/alfa-greekfruits.com\/wp-content\/uploads\/2015\/08\/022-300x200.jpg 300w, https:\/\/alfa-greekfruits.com\/wp-content\/uploads\/2015\/08\/022-1024x681.jpg 1024w\" sizes=\"(max-width: 1400px) 100vw, 1400px\" \/><\/a>\n\t\t\t<\/dt><\/dl><dl class='gallery-item'>\n\t\t\t<dt class='gallery-icon landscape'>\n\t\t\t\t<a rel=\"prettyPhoto[postimages]\" href='https:\/\/alfa-greekfruits.com\/wp-content\/uploads\/2015\/08\/027.jpg'><img loading=\"lazy\" decoding=\"async\" width=\"1400\" height=\"931\" src=\"https:\/\/alfa-greekfruits.com\/wp-content\/uploads\/2015\/08\/027.jpg\" class=\"attachment-full size-full\" alt=\"\" srcset=\"https:\/\/alfa-greekfruits.com\/wp-content\/uploads\/2015\/08\/027.jpg 1400w, https:\/\/alfa-greekfruits.com\/wp-content\/uploads\/2015\/08\/027-300x200.jpg 300w, https:\/\/alfa-greekfruits.com\/wp-content\/uploads\/2015\/08\/027-1024x681.jpg 1024w\" sizes=\"(max-width: 1400px) 100vw, 1400px\" \/><\/a>\n\t\t\t<\/dt><\/dl><dl class='gallery-item'>\n\t\t\t<dt class='gallery-icon landscape'>\n\t\t\t\t<a rel=\"prettyPhoto[postimages]\" href='https:\/\/alfa-greekfruits.com\/wp-content\/uploads\/2015\/08\/026.jpg'><img loading=\"lazy\" decoding=\"async\" width=\"1400\" height=\"931\" src=\"https:\/\/alfa-greekfruits.com\/wp-content\/uploads\/2015\/08\/026.jpg\" class=\"attachment-full size-full\" alt=\"\" srcset=\"https:\/\/alfa-greekfruits.com\/wp-content\/uploads\/2015\/08\/026.jpg 1400w, https:\/\/alfa-greekfruits.com\/wp-content\/uploads\/2015\/08\/026-300x200.jpg 300w, https:\/\/alfa-greekfruits.com\/wp-content\/uploads\/2015\/08\/026-1024x681.jpg 1024w\" sizes=\"(max-width: 1400px) 100vw, 1400px\" \/><\/a>\n\t\t\t<\/dt><\/dl><br style=\"clear: both\" \/><dl class='gallery-item'>\n\t\t\t<dt class='gallery-icon landscape'>\n\t\t\t\t<a rel=\"prettyPhoto[postimages]\" href='https:\/\/alfa-greekfruits.com\/wp-content\/uploads\/2015\/08\/021.jpg'><img loading=\"lazy\" decoding=\"async\" width=\"1400\" height=\"931\" src=\"https:\/\/alfa-greekfruits.com\/wp-content\/uploads\/2015\/08\/021.jpg\" class=\"attachment-full size-full\" alt=\"\" srcset=\"https:\/\/alfa-greekfruits.com\/wp-content\/uploads\/2015\/08\/021.jpg 1400w, https:\/\/alfa-greekfruits.com\/wp-content\/uploads\/2015\/08\/021-300x200.jpg 300w, https:\/\/alfa-greekfruits.com\/wp-content\/uploads\/2015\/08\/021-1024x681.jpg 1024w\" sizes=\"(max-width: 1400px) 100vw, 1400px\" \/><\/a>\n\t\t\t<\/dt><\/dl><dl class='gallery-item'>\n\t\t\t<dt class='gallery-icon landscape'>\n\t\t\t\t<a rel=\"prettyPhoto[postimages]\" href='https:\/\/alfa-greekfruits.com\/wp-content\/uploads\/2015\/08\/037.jpg'><img loading=\"lazy\" decoding=\"async\" width=\"1400\" height=\"931\" src=\"https:\/\/alfa-greekfruits.com\/wp-content\/uploads\/2015\/08\/037.jpg\" class=\"attachment-full size-full\" alt=\"\" srcset=\"https:\/\/alfa-greekfruits.com\/wp-content\/uploads\/2015\/08\/037.jpg 1400w, https:\/\/alfa-greekfruits.com\/wp-content\/uploads\/2015\/08\/037-300x200.jpg 300w, https:\/\/alfa-greekfruits.com\/wp-content\/uploads\/2015\/08\/037-1024x681.jpg 1024w\" sizes=\"(max-width: 1400px) 100vw, 1400px\" \/><\/a>\n\t\t\t<\/dt><\/dl><dl class='gallery-item'>\n\t\t\t<dt class='gallery-icon landscape'>\n\t\t\t\t<a rel=\"prettyPhoto[postimages]\" href='https:\/\/alfa-greekfruits.com\/wp-content\/uploads\/2015\/08\/040.jpg'><img loading=\"lazy\" decoding=\"async\" width=\"1400\" height=\"931\" src=\"https:\/\/alfa-greekfruits.com\/wp-content\/uploads\/2015\/08\/040.jpg\" class=\"attachment-full size-full\" alt=\"\" srcset=\"https:\/\/alfa-greekfruits.com\/wp-content\/uploads\/2015\/08\/040.jpg 1400w, https:\/\/alfa-greekfruits.com\/wp-content\/uploads\/2015\/08\/040-300x200.jpg 300w, https:\/\/alfa-greekfruits.com\/wp-content\/uploads\/2015\/08\/040-1024x681.jpg 1024w\" sizes=\"(max-width: 1400px) 100vw, 1400px\" \/><\/a>\n\t\t\t<\/dt><\/dl><br style=\"clear: both\" \/><dl class='gallery-item'>\n\t\t\t<dt class='gallery-icon landscape'>\n\t\t\t\t<a rel=\"prettyPhoto[postimages]\" href='https:\/\/alfa-greekfruits.com\/wp-content\/uploads\/2015\/08\/DSC02294.jpg'><img loading=\"lazy\" decoding=\"async\" width=\"1400\" height=\"1050\" src=\"https:\/\/alfa-greekfruits.com\/wp-content\/uploads\/2015\/08\/DSC02294.jpg\" class=\"attachment-full size-full\" alt=\"\" srcset=\"https:\/\/alfa-greekfruits.com\/wp-content\/uploads\/2015\/08\/DSC02294.jpg 1400w, https:\/\/alfa-greekfruits.com\/wp-content\/uploads\/2015\/08\/DSC02294-300x225.jpg 300w, https:\/\/alfa-greekfruits.com\/wp-content\/uploads\/2015\/08\/DSC02294-1024x768.jpg 1024w\" sizes=\"(max-width: 1400px) 100vw, 1400px\" \/><\/a>\n\t\t\t<\/dt><\/dl><dl class='gallery-item'>\n\t\t\t<dt class='gallery-icon landscape'>\n\t\t\t\t<a rel=\"prettyPhoto[postimages]\" href='https:\/\/alfa-greekfruits.com\/wp-content\/uploads\/2015\/08\/17-01-12-006.jpg'><img loading=\"lazy\" decoding=\"async\" width=\"1400\" height=\"1050\" src=\"https:\/\/alfa-greekfruits.com\/wp-content\/uploads\/2015\/08\/17-01-12-006.jpg\" class=\"attachment-full size-full\" alt=\"\" srcset=\"https:\/\/alfa-greekfruits.com\/wp-content\/uploads\/2015\/08\/17-01-12-006.jpg 1400w, https:\/\/alfa-greekfruits.com\/wp-content\/uploads\/2015\/08\/17-01-12-006-300x225.jpg 300w, https:\/\/alfa-greekfruits.com\/wp-content\/uploads\/2015\/08\/17-01-12-006-1024x768.jpg 1024w\" sizes=\"(max-width: 1400px) 100vw, 1400px\" \/><\/a>\n\t\t\t<\/dt><\/dl><dl class='gallery-item'>\n\t\t\t<dt class='gallery-icon landscape'>\n\t\t\t\t<a rel=\"prettyPhoto[postimages]\" href='https:\/\/alfa-greekfruits.com\/wp-content\/uploads\/2015\/08\/IMG_0384.jpg'><img loading=\"lazy\" decoding=\"async\" width=\"1400\" height=\"1050\" src=\"https:\/\/alfa-greekfruits.com\/wp-content\/uploads\/2015\/08\/IMG_0384.jpg\" class=\"attachment-full size-full\" alt=\"\" srcset=\"https:\/\/alfa-greekfruits.com\/wp-content\/uploads\/2015\/08\/IMG_0384.jpg 1400w, https:\/\/alfa-greekfruits.com\/wp-content\/uploads\/2015\/08\/IMG_0384-300x225.jpg 300w, https:\/\/alfa-greekfruits.com\/wp-content\/uploads\/2015\/08\/IMG_0384-1024x768.jpg 1024w\" sizes=\"(max-width: 1400px) 100vw, 1400px\" \/><\/a>\n\t\t\t<\/dt><\/dl><br style=\"clear: both\" \/><dl class='gallery-item'>\n\t\t\t<dt class='gallery-icon portrait'>\n\t\t\t\t<a rel=\"prettyPhoto[postimages]\" href='https:\/\/alfa-greekfruits.com\/wp-content\/uploads\/2015\/08\/IMG_0382.jpg'><img loading=\"lazy\" decoding=\"async\" width=\"1050\" height=\"1400\" src=\"https:\/\/alfa-greekfruits.com\/wp-content\/uploads\/2015\/08\/IMG_0382.jpg\" class=\"attachment-full size-full\" alt=\"\" srcset=\"https:\/\/alfa-greekfruits.com\/wp-content\/uploads\/2015\/08\/IMG_0382.jpg 1050w, https:\/\/alfa-greekfruits.com\/wp-content\/uploads\/2015\/08\/IMG_0382-225x300.jpg 225w, https:\/\/alfa-greekfruits.com\/wp-content\/uploads\/2015\/08\/IMG_0382-768x1024.jpg 768w\" sizes=\"(max-width: 1050px) 100vw, 1050px\" \/><\/a>\n\t\t\t<\/dt><\/dl><dl class='gallery-item'>\n\t\t\t<dt class='gallery-icon portrait'>\n\t\t\t\t<a rel=\"prettyPhoto[postimages]\" href='https:\/\/alfa-greekfruits.com\/wp-content\/uploads\/2015\/08\/IMG_0034.jpg'><img loading=\"lazy\" decoding=\"async\" width=\"1050\" height=\"1400\" src=\"https:\/\/alfa-greekfruits.com\/wp-content\/uploads\/2015\/08\/IMG_0034.jpg\" class=\"attachment-full size-full\" alt=\"\" srcset=\"https:\/\/alfa-greekfruits.com\/wp-content\/uploads\/2015\/08\/IMG_0034.jpg 1050w, https:\/\/alfa-greekfruits.com\/wp-content\/uploads\/2015\/08\/IMG_0034-225x300.jpg 225w, https:\/\/alfa-greekfruits.com\/wp-content\/uploads\/2015\/08\/IMG_0034-768x1024.jpg 768w\" sizes=\"(max-width: 1050px) 100vw, 1050px\" \/><\/a>\n\t\t\t<\/dt><\/dl><dl class='gallery-item'>\n\t\t\t<dt class='gallery-icon portrait'>\n\t\t\t\t<a rel=\"prettyPhoto[postimages]\" href='https:\/\/alfa-greekfruits.com\/wp-content\/uploads\/2015\/08\/IMG_0380.jpg'><img loading=\"lazy\" decoding=\"async\" width=\"1050\" height=\"1400\" src=\"https:\/\/alfa-greekfruits.com\/wp-content\/uploads\/2015\/08\/IMG_0380.jpg\" class=\"attachment-full size-full\" alt=\"\" srcset=\"https:\/\/alfa-greekfruits.com\/wp-content\/uploads\/2015\/08\/IMG_0380.jpg 1050w, https:\/\/alfa-greekfruits.com\/wp-content\/uploads\/2015\/08\/IMG_0380-225x300.jpg 225w, https:\/\/alfa-greekfruits.com\/wp-content\/uploads\/2015\/08\/IMG_0380-768x1024.jpg 768w\" sizes=\"(max-width: 1050px) 100vw, 1050px\" \/><\/a>\n\t\t\t<\/dt><\/dl><br style=\"clear: both\" \/>\n\t\t<\/div>\n\n","protected":false},"excerpt":{"rendered":"<p>Spargel Der Spargel ist dank seines charakteristischen Geschmacks und seines hohen N\u00e4hrwertes eine Pflanze mit fanatischen \u201eAnh\u00e4ngern\u201c. Aber Spargel ist nicht gleich Bio Alfa Spargel. Der Spargel aus dem Tal des Acheloos hat seine eigene besondere Identit\u00e4t und gleicht keinem anderen griechischen oder ausl\u00e4ndischen Spargel. Er ist vielleicht der einzige Kulturspargel, dessen Geschmack noch an [&hellip;]<\/p>\n","protected":false},"author":5,"featured_media":0,"parent":0,"menu_order":0,"comment_status":"closed","ping_status":"closed","template":"","meta":{"footnotes":""},"_links":{"self":[{"href":"https:\/\/alfa-greekfruits.com\/de\/wp-json\/wp\/v2\/pages\/12384\/"}],"collection":[{"href":"https:\/\/alfa-greekfruits.com\/de\/wp-json\/wp\/v2\/pages\/"}],"about":[{"href":"https:\/\/alfa-greekfruits.com\/de\/wp-json\/wp\/v2\/types\/page\/"}],"author":[{"embeddable":true,"href":"https:\/\/alfa-greekfruits.com\/de\/wp-json\/wp\/v2\/users\/5\/"}],"replies":[{"embeddable":true,"href":"https:\/\/alfa-greekfruits.com\/de\/wp-json\/wp\/v2\/comments\/?post=12384"}],"version-history":[{"count":5,"href":"https:\/\/alfa-greekfruits.com\/de\/wp-json\/wp\/v2\/pages\/12384\/revisions\/"}],"predecessor-version":[{"id":12390,"href":"https:\/\/alfa-greekfruits.com\/de\/wp-json\/wp\/v2\/pages\/12384\/revisions\/12390\/"}],"wp:attachment":[{"href":"https:\/\/alfa-greekfruits.com\/de\/wp-json\/wp\/v2\/media\/?parent=12384"}],"curies":[{"name":"wp","href":"https:\/\/api.w.org\/{rel}","templated":true}]}}