{"id":12375,"date":"2020-01-23T11:58:51","date_gmt":"2020-01-23T11:58:51","guid":{"rendered":"https:\/\/alfa-greekfruits.com\/%cf%83%cf%80%ce%b1%cf%81%ce%ac%ce%b3%ce%b3%ce%b9%ce%b1-%ce%b2%ce%b9%ce%bf\/"},"modified":"2020-02-11T18:19:12","modified_gmt":"2020-02-11T18:19:12","slug":"spargel-%ce%b2%ce%b9%ce%bf","status":"publish","type":"page","link":"https:\/\/alfa-greekfruits.com\/de\/spargel-%ce%b2%ce%b9%ce%bf\/","title":{"rendered":"Spargel \u0392\u0399\u039f"},"content":{"rendered":"<h3 class=\"entry-title\" data-fontsize=\"18\" data-lineheight=\"NaN\"><span style=\"color: #000000;\"><strong><span style=\"font-family: georgia, palatino, serif;\">Biologischer Spargel<br \/>\n<img loading=\"lazy\" decoding=\"async\" class=\"alignright size-full wp-image-12334\" src=\"https:\/\/alfa-greekfruits.com\/wp-content\/uploads\/2020\/02\/alfa-asparagus-1.png\" alt=\"\" width=\"347\" height=\"380\" srcset=\"https:\/\/alfa-greekfruits.com\/wp-content\/uploads\/2020\/02\/alfa-asparagus-1.png 347w, https:\/\/alfa-greekfruits.com\/wp-content\/uploads\/2020\/02\/alfa-asparagus-1-274x300.png 274w\" sizes=\"(max-width: 347px) 100vw, 347px\" \/><\/span><\/strong><\/span><\/h3>\n<p style=\"text-align: justify;\"><span style=\"color: #000000;\">Der Spargel ist dank seines charakteristischen Geschmacks und seines hohen N\u00e4hrwertes eine Pflanze mit fanatischen &#8220;Anh\u00e4ngern&#8221;. Aber Spargel ist nicht gleich <strong>Bio Alfa Spargel.<\/strong><\/span><\/p>\n<p style=\"text-align: justify;\"><span style=\"color: #000000;\">Der im Tal des <strong>Acheloos<\/strong> angebaute Spargel hat seine eigene besondere Identit\u00e4t.<\/span><\/p>\n<p style=\"text-align: justify;\"><span style=\"color: #000000;\">Er ist der einzige Kulturspargel, dessen Geschmack noch an den einheimischen Wildspargel erinnert. Das Erfolgsgeheimnis ist nicht mehr geheim\u2026 Es sind das \u00d6kosystem und das Mikroklima des Acheloos-Gebiets. Es sind die Hingabe und das Wissen der Erzeuger. Es sind die strengen Anbauvorschriften. Es ist die innovative technische Ausr\u00fcstung der Verpackungsanlagen. Es ist die Leidenschaft f\u00fcr die Vollkommenheit\u2026 Es ist all das zusammen, was auf ideale Weise zusammenwirkt, damit der wohl beste Spargel der Welt in die ganze Welt reisen kann.<\/span><\/p>\n<p style=\"text-align: justify;\"><span style=\"color: #000000;\">Unsere Genossenschaft begann seit 2010, biologischen Spargel anzubauen, und heute werden auf mehr als 100 Hektar gr\u00fcner und wei\u00dfer Spargel angebaut.<\/span><\/p>\n<p style=\"text-align: justify;\"><span style=\"color: #000000;\">Er wird in europ\u00e4ische L\u00e4nder exportiert, und das Interesse der Verbraucher ermutigt uns, neue Anpflanzungen anzulegen, weil wir glauben, dass die reine Qualit\u00e4t unserer Ern\u00e4hrung f\u00fcr eine bessere Lebensqualit\u00e4t notwendig und erforderlich ist.<\/span><\/p>\n\n\t\t<style type=\"text\/css\">\n\t\t\t#gallery-1 {\n\t\t\t\tmargin: auto;\n\t\t\t}\n\t\t\t#gallery-1 .gallery-item {\n\t\t\t\tfloat: left;\n\t\t\t\tmargin-top: 10px;\n\t\t\t\ttext-align: center;\n\t\t\t\twidth: 33%;\n\t\t\t}\n\t\t\t#gallery-1 img {\n\t\t\t\tborder: 2px solid #cfcfcf;\n\t\t\t}\n\t\t\t#gallery-1 .gallery-caption {\n\t\t\t\tmargin-left: 0;\n\t\t\t}\n\t\t\t\/* see gallery_shortcode() in wp-includes\/media.php *\/\n\t\t<\/style>\n\t\t<div id='gallery-1' class='gallery galleryid-12375 gallery-columns-3 gallery-size-full'><dl class='gallery-item'>\n\t\t\t<dt class='gallery-icon landscape'>\n\t\t\t\t<a rel=\"prettyPhoto[postimages]\" href='https:\/\/alfa-greekfruits.com\/wp-content\/uploads\/2015\/08\/022.jpg'><img loading=\"lazy\" decoding=\"async\" width=\"1400\" height=\"931\" src=\"https:\/\/alfa-greekfruits.com\/wp-content\/uploads\/2015\/08\/022.jpg\" class=\"attachment-full size-full\" alt=\"\" srcset=\"https:\/\/alfa-greekfruits.com\/wp-content\/uploads\/2015\/08\/022.jpg 1400w, https:\/\/alfa-greekfruits.com\/wp-content\/uploads\/2015\/08\/022-300x200.jpg 300w, https:\/\/alfa-greekfruits.com\/wp-content\/uploads\/2015\/08\/022-1024x681.jpg 1024w\" sizes=\"(max-width: 1400px) 100vw, 1400px\" \/><\/a>\n\t\t\t<\/dt><\/dl><dl class='gallery-item'>\n\t\t\t<dt class='gallery-icon landscape'>\n\t\t\t\t<a rel=\"prettyPhoto[postimages]\" href='https:\/\/alfa-greekfruits.com\/wp-content\/uploads\/2015\/08\/027.jpg'><img loading=\"lazy\" decoding=\"async\" width=\"1400\" height=\"931\" src=\"https:\/\/alfa-greekfruits.com\/wp-content\/uploads\/2015\/08\/027.jpg\" class=\"attachment-full size-full\" alt=\"\" srcset=\"https:\/\/alfa-greekfruits.com\/wp-content\/uploads\/2015\/08\/027.jpg 1400w, https:\/\/alfa-greekfruits.com\/wp-content\/uploads\/2015\/08\/027-300x200.jpg 300w, https:\/\/alfa-greekfruits.com\/wp-content\/uploads\/2015\/08\/027-1024x681.jpg 1024w\" sizes=\"(max-width: 1400px) 100vw, 1400px\" \/><\/a>\n\t\t\t<\/dt><\/dl><dl class='gallery-item'>\n\t\t\t<dt class='gallery-icon landscape'>\n\t\t\t\t<a rel=\"prettyPhoto[postimages]\" href='https:\/\/alfa-greekfruits.com\/wp-content\/uploads\/2015\/08\/026.jpg'><img loading=\"lazy\" decoding=\"async\" width=\"1400\" height=\"931\" src=\"https:\/\/alfa-greekfruits.com\/wp-content\/uploads\/2015\/08\/026.jpg\" class=\"attachment-full size-full\" alt=\"\" srcset=\"https:\/\/alfa-greekfruits.com\/wp-content\/uploads\/2015\/08\/026.jpg 1400w, https:\/\/alfa-greekfruits.com\/wp-content\/uploads\/2015\/08\/026-300x200.jpg 300w, https:\/\/alfa-greekfruits.com\/wp-content\/uploads\/2015\/08\/026-1024x681.jpg 1024w\" sizes=\"(max-width: 1400px) 100vw, 1400px\" \/><\/a>\n\t\t\t<\/dt><\/dl><br style=\"clear: both\" \/><dl class='gallery-item'>\n\t\t\t<dt class='gallery-icon landscape'>\n\t\t\t\t<a rel=\"prettyPhoto[postimages]\" href='https:\/\/alfa-greekfruits.com\/wp-content\/uploads\/2015\/08\/021.jpg'><img loading=\"lazy\" decoding=\"async\" width=\"1400\" height=\"931\" src=\"https:\/\/alfa-greekfruits.com\/wp-content\/uploads\/2015\/08\/021.jpg\" class=\"attachment-full size-full\" alt=\"\" srcset=\"https:\/\/alfa-greekfruits.com\/wp-content\/uploads\/2015\/08\/021.jpg 1400w, https:\/\/alfa-greekfruits.com\/wp-content\/uploads\/2015\/08\/021-300x200.jpg 300w, https:\/\/alfa-greekfruits.com\/wp-content\/uploads\/2015\/08\/021-1024x681.jpg 1024w\" sizes=\"(max-width: 1400px) 100vw, 1400px\" \/><\/a>\n\t\t\t<\/dt><\/dl><dl class='gallery-item'>\n\t\t\t<dt class='gallery-icon landscape'>\n\t\t\t\t<a rel=\"prettyPhoto[postimages]\" href='https:\/\/alfa-greekfruits.com\/wp-content\/uploads\/2015\/08\/037.jpg'><img loading=\"lazy\" decoding=\"async\" width=\"1400\" height=\"931\" src=\"https:\/\/alfa-greekfruits.com\/wp-content\/uploads\/2015\/08\/037.jpg\" class=\"attachment-full size-full\" alt=\"\" srcset=\"https:\/\/alfa-greekfruits.com\/wp-content\/uploads\/2015\/08\/037.jpg 1400w, https:\/\/alfa-greekfruits.com\/wp-content\/uploads\/2015\/08\/037-300x200.jpg 300w, https:\/\/alfa-greekfruits.com\/wp-content\/uploads\/2015\/08\/037-1024x681.jpg 1024w\" sizes=\"(max-width: 1400px) 100vw, 1400px\" \/><\/a>\n\t\t\t<\/dt><\/dl><dl class='gallery-item'>\n\t\t\t<dt class='gallery-icon landscape'>\n\t\t\t\t<a rel=\"prettyPhoto[postimages]\" href='https:\/\/alfa-greekfruits.com\/wp-content\/uploads\/2015\/08\/040.jpg'><img loading=\"lazy\" decoding=\"async\" width=\"1400\" height=\"931\" src=\"https:\/\/alfa-greekfruits.com\/wp-content\/uploads\/2015\/08\/040.jpg\" class=\"attachment-full size-full\" alt=\"\" srcset=\"https:\/\/alfa-greekfruits.com\/wp-content\/uploads\/2015\/08\/040.jpg 1400w, https:\/\/alfa-greekfruits.com\/wp-content\/uploads\/2015\/08\/040-300x200.jpg 300w, https:\/\/alfa-greekfruits.com\/wp-content\/uploads\/2015\/08\/040-1024x681.jpg 1024w\" sizes=\"(max-width: 1400px) 100vw, 1400px\" \/><\/a>\n\t\t\t<\/dt><\/dl><br style=\"clear: both\" \/><dl class='gallery-item'>\n\t\t\t<dt class='gallery-icon portrait'>\n\t\t\t\t<a rel=\"prettyPhoto[postimages]\" href='https:\/\/alfa-greekfruits.com\/wp-content\/uploads\/2015\/08\/IMG_0382.jpg'><img loading=\"lazy\" decoding=\"async\" width=\"1050\" height=\"1400\" src=\"https:\/\/alfa-greekfruits.com\/wp-content\/uploads\/2015\/08\/IMG_0382.jpg\" class=\"attachment-full size-full\" alt=\"\" srcset=\"https:\/\/alfa-greekfruits.com\/wp-content\/uploads\/2015\/08\/IMG_0382.jpg 1050w, https:\/\/alfa-greekfruits.com\/wp-content\/uploads\/2015\/08\/IMG_0382-225x300.jpg 225w, https:\/\/alfa-greekfruits.com\/wp-content\/uploads\/2015\/08\/IMG_0382-768x1024.jpg 768w\" sizes=\"(max-width: 1050px) 100vw, 1050px\" \/><\/a>\n\t\t\t<\/dt><\/dl><dl class='gallery-item'>\n\t\t\t<dt class='gallery-icon portrait'>\n\t\t\t\t<a rel=\"prettyPhoto[postimages]\" href='https:\/\/alfa-greekfruits.com\/wp-content\/uploads\/2015\/08\/IMG_0034.jpg'><img loading=\"lazy\" decoding=\"async\" width=\"1050\" height=\"1400\" src=\"https:\/\/alfa-greekfruits.com\/wp-content\/uploads\/2015\/08\/IMG_0034.jpg\" class=\"attachment-full size-full\" alt=\"\" srcset=\"https:\/\/alfa-greekfruits.com\/wp-content\/uploads\/2015\/08\/IMG_0034.jpg 1050w, https:\/\/alfa-greekfruits.com\/wp-content\/uploads\/2015\/08\/IMG_0034-225x300.jpg 225w, https:\/\/alfa-greekfruits.com\/wp-content\/uploads\/2015\/08\/IMG_0034-768x1024.jpg 768w\" sizes=\"(max-width: 1050px) 100vw, 1050px\" \/><\/a>\n\t\t\t<\/dt><\/dl><dl class='gallery-item'>\n\t\t\t<dt class='gallery-icon portrait'>\n\t\t\t\t<a rel=\"prettyPhoto[postimages]\" href='https:\/\/alfa-greekfruits.com\/wp-content\/uploads\/2015\/08\/IMG_0380.jpg'><img loading=\"lazy\" decoding=\"async\" width=\"1050\" height=\"1400\" src=\"https:\/\/alfa-greekfruits.com\/wp-content\/uploads\/2015\/08\/IMG_0380.jpg\" class=\"attachment-full size-full\" alt=\"\" srcset=\"https:\/\/alfa-greekfruits.com\/wp-content\/uploads\/2015\/08\/IMG_0380.jpg 1050w, https:\/\/alfa-greekfruits.com\/wp-content\/uploads\/2015\/08\/IMG_0380-225x300.jpg 225w, https:\/\/alfa-greekfruits.com\/wp-content\/uploads\/2015\/08\/IMG_0380-768x1024.jpg 768w\" sizes=\"(max-width: 1050px) 100vw, 1050px\" \/><\/a>\n\t\t\t<\/dt><\/dl><br style=\"clear: both\" \/>\n\t\t<\/div>\n\n","protected":false},"excerpt":{"rendered":"<p>Biologischer Spargel Der Spargel ist dank seines charakteristischen Geschmacks und seines hohen N\u00e4hrwertes eine Pflanze mit fanatischen &#8220;Anh\u00e4ngern&#8221;. Aber Spargel ist nicht gleich Bio Alfa Spargel. Der im Tal des Acheloos angebaute Spargel hat seine eigene besondere Identit\u00e4t. Er ist der einzige Kulturspargel, dessen Geschmack noch an den einheimischen Wildspargel erinnert. Das Erfolgsgeheimnis ist nicht [&hellip;]<\/p>\n","protected":false},"author":5,"featured_media":0,"parent":0,"menu_order":0,"comment_status":"closed","ping_status":"closed","template":"","meta":{"footnotes":""},"_links":{"self":[{"href":"https:\/\/alfa-greekfruits.com\/de\/wp-json\/wp\/v2\/pages\/12375\/"}],"collection":[{"href":"https:\/\/alfa-greekfruits.com\/de\/wp-json\/wp\/v2\/pages\/"}],"about":[{"href":"https:\/\/alfa-greekfruits.com\/de\/wp-json\/wp\/v2\/types\/page\/"}],"author":[{"embeddable":true,"href":"https:\/\/alfa-greekfruits.com\/de\/wp-json\/wp\/v2\/users\/5\/"}],"replies":[{"embeddable":true,"href":"https:\/\/alfa-greekfruits.com\/de\/wp-json\/wp\/v2\/comments\/?post=12375"}],"version-history":[{"count":4,"href":"https:\/\/alfa-greekfruits.com\/de\/wp-json\/wp\/v2\/pages\/12375\/revisions\/"}],"predecessor-version":[{"id":12379,"href":"https:\/\/alfa-greekfruits.com\/de\/wp-json\/wp\/v2\/pages\/12375\/revisions\/12379\/"}],"wp:attachment":[{"href":"https:\/\/alfa-greekfruits.com\/de\/wp-json\/wp\/v2\/media\/?parent=12375"}],"curies":[{"name":"wp","href":"https:\/\/api.w.org\/{rel}","templated":true}]}}