{"id":12364,"date":"2015-07-30T18:43:54","date_gmt":"2015-07-30T18:43:54","guid":{"rendered":"https:\/\/alfa-greekfruits.com\/%ce%bf-%cf%83%ce%ba%ce%bf%cf%80%cf%8c%cf%82-%ce%bc%ce%b1%cf%82\/"},"modified":"2020-02-11T18:07:23","modified_gmt":"2020-02-11T18:07:23","slug":"unser-ziel","status":"publish","type":"page","link":"https:\/\/alfa-greekfruits.com\/de\/unser-ziel\/","title":{"rendered":"Unser Ziel"},"content":{"rendered":"<p><span style=\"color: #000000;\">Die Agrargenossenschaft Neapoli bei Agrinio als genossenschaftliche Organisation hat sich zu ihrer Hauptsorge nicht nur die Vermarktung der Produkte, die von den Mitgliedern-Produzenten erzeugt werden, gesetzt, sondern auch die Bewahrung der hohen Qualit\u00e4t dieser Produkte.<\/span><\/p>\n<p><span style=\"color: #000000;\">Aus diesem Grund:<\/span><\/p>\n<p><span style=\"color: #000000;\">A. KOOPERIERT sie mit Agrarbetrieben, in denen entweder ein biologisches Anbauprogramm oder ein integriertes Managementprogramm mit richtigem Einsatz von Pflanzenschutzmitteln sowie auch mit Sorge f\u00fcr Umwelt und nachhaltige Entwicklung angewandt wird.<\/span><\/p>\n<p><span style=\"color: #000000;\">Also in \u00dcbereinstimmung mit dem internationalen Protokoll GLOBAL GAP, der griechischen Norm AGRO 2.1-2.2, und GRASP.<\/span><\/p>\n<p><span style=\"color: #000000;\">B. VERARBEITET UND STANDARDISIERT sie die Agrarprodukte (Spargel, Kiwis) in den beiden modernen Anlagen mit der neuesten technischen Ausr\u00fcstung und hohen Sicherheits- und Hygienevorschriften. Ihre Verpackungsanlagen sind gem\u00e4\u00df den Normen ISO 22000 \u03ba\u03b1\u03b9 IFS zertifiziert.<\/span><\/p>\n","protected":false},"excerpt":{"rendered":"<p>Die Agrargenossenschaft Neapoli bei Agrinio als genossenschaftliche Organisation hat sich zu ihrer Hauptsorge nicht nur die Vermarktung der Produkte, die von den Mitgliedern-Produzenten erzeugt werden, gesetzt, sondern auch die Bewahrung der hohen Qualit\u00e4t dieser Produkte. Aus diesem Grund: A. KOOPERIERT sie mit Agrarbetrieben, in denen entweder ein biologisches Anbauprogramm oder ein integriertes Managementprogramm mit richtigem [&hellip;]<\/p>\n","protected":false},"author":5,"featured_media":0,"parent":0,"menu_order":0,"comment_status":"closed","ping_status":"closed","template":"","meta":{"footnotes":""},"_links":{"self":[{"href":"https:\/\/alfa-greekfruits.com\/de\/wp-json\/wp\/v2\/pages\/12364\/"}],"collection":[{"href":"https:\/\/alfa-greekfruits.com\/de\/wp-json\/wp\/v2\/pages\/"}],"about":[{"href":"https:\/\/alfa-greekfruits.com\/de\/wp-json\/wp\/v2\/types\/page\/"}],"author":[{"embeddable":true,"href":"https:\/\/alfa-greekfruits.com\/de\/wp-json\/wp\/v2\/users\/5\/"}],"replies":[{"embeddable":true,"href":"https:\/\/alfa-greekfruits.com\/de\/wp-json\/wp\/v2\/comments\/?post=12364"}],"version-history":[{"count":1,"href":"https:\/\/alfa-greekfruits.com\/de\/wp-json\/wp\/v2\/pages\/12364\/revisions\/"}],"predecessor-version":[{"id":12365,"href":"https:\/\/alfa-greekfruits.com\/de\/wp-json\/wp\/v2\/pages\/12364\/revisions\/12365\/"}],"wp:attachment":[{"href":"https:\/\/alfa-greekfruits.com\/de\/wp-json\/wp\/v2\/media\/?parent=12364"}],"curies":[{"name":"wp","href":"https:\/\/api.w.org\/{rel}","templated":true}]}}