{"id":12360,"date":"2015-07-30T18:41:35","date_gmt":"2015-07-30T18:41:35","guid":{"rendered":"https:\/\/alfa-greekfruits.com\/%cf%83%cf%8d%ce%bd%cf%84%ce%bf%ce%bc%ce%bf-%ce%b9%cf%83%cf%84%ce%bf%cf%81%ce%b9%ce%ba%cf%8c\/"},"modified":"2020-02-11T18:04:37","modified_gmt":"2020-02-11T18:04:37","slug":"kurzer-rueckblick-in-die-geschichte","status":"publish","type":"page","link":"https:\/\/alfa-greekfruits.com\/de\/kurzer-rueckblick-in-die-geschichte\/","title":{"rendered":"Kurzer R\u00fcckblick in die Geschichte"},"content":{"rendered":"<p style=\"text-align: justify;\"><span style=\"color: #000000;\">Die Agrargenossenschaft Neapoli bei Agrinio ist ein modernes Unternehmen mit f\u00fchrender Rolle im Bereich der Verarbeitung und Standardisierung von wei\u00dfem \u2013 gr\u00fcnem Spargel und Kiwis.<\/span><\/p>\n<p style=\"text-align: justify;\"><span style=\"color: #000000;\">\u2022 Kurzer R\u00fcckblick in die Geschichte<\/span><br \/>\n<span style=\"color: #000000;\">1998 bildeten 24 tatkr\u00e4ftige Personen eine Erzeugergruppe mit gemeinsamen Visionen und gemeinsamer Besorgnis um ihr Anbauprodukt, das sie zur Gr\u00fcndung der AGRARGENOSSENSCHAFT f\u00fchrte.<\/span><\/p>\n<p style=\"text-align: justify;\"><span style=\"color: #000000;\">Heute z\u00e4hlt die Genossenschaft 70 Mitglieder, die sich haupts\u00e4chlich mit dem Anbau von Spargel und Kiwis besch\u00e4ftigen.<\/span><\/p>\n","protected":false},"excerpt":{"rendered":"<p>Die Agrargenossenschaft Neapoli bei Agrinio ist ein modernes Unternehmen mit f\u00fchrender Rolle im Bereich der Verarbeitung und Standardisierung von wei\u00dfem \u2013 gr\u00fcnem Spargel und Kiwis. \u2022 Kurzer R\u00fcckblick in die Geschichte 1998 bildeten 24 tatkr\u00e4ftige Personen eine Erzeugergruppe mit gemeinsamen Visionen und gemeinsamer Besorgnis um ihr Anbauprodukt, das sie zur Gr\u00fcndung der AGRARGENOSSENSCHAFT f\u00fchrte. Heute [&hellip;]<\/p>\n","protected":false},"author":5,"featured_media":0,"parent":0,"menu_order":0,"comment_status":"closed","ping_status":"closed","template":"","meta":{"footnotes":""},"_links":{"self":[{"href":"https:\/\/alfa-greekfruits.com\/de\/wp-json\/wp\/v2\/pages\/12360\/"}],"collection":[{"href":"https:\/\/alfa-greekfruits.com\/de\/wp-json\/wp\/v2\/pages\/"}],"about":[{"href":"https:\/\/alfa-greekfruits.com\/de\/wp-json\/wp\/v2\/types\/page\/"}],"author":[{"embeddable":true,"href":"https:\/\/alfa-greekfruits.com\/de\/wp-json\/wp\/v2\/users\/5\/"}],"replies":[{"embeddable":true,"href":"https:\/\/alfa-greekfruits.com\/de\/wp-json\/wp\/v2\/comments\/?post=12360"}],"version-history":[{"count":3,"href":"https:\/\/alfa-greekfruits.com\/de\/wp-json\/wp\/v2\/pages\/12360\/revisions\/"}],"predecessor-version":[{"id":12363,"href":"https:\/\/alfa-greekfruits.com\/de\/wp-json\/wp\/v2\/pages\/12360\/revisions\/12363\/"}],"wp:attachment":[{"href":"https:\/\/alfa-greekfruits.com\/de\/wp-json\/wp\/v2\/media\/?parent=12360"}],"curies":[{"name":"wp","href":"https:\/\/api.w.org\/{rel}","templated":true}]}}